{"id":166,"date":"2025-08-13T13:05:46","date_gmt":"2025-08-13T13:05:46","guid":{"rendered":"https:\/\/primariacosernita.com\/?page_id=166"},"modified":"2025-08-13T13:05:46","modified_gmt":"2025-08-13T13:05:46","slug":"deciziile-consiliului-local","status":"publish","type":"page","link":"https:\/\/primariacosernita.com\/index.php\/deciziile-consiliului-local\/","title":{"rendered":"Deciziile Consiliului Local"},"content":{"rendered":"<div class=\"col-md-10 col-sm-9 p-0\">\n<p style=\"text-align: center;\"><strong>Deciziile Consiliului Local adoptate \u00een \u0219edin\u021ba din data de 04.08.2025<\/strong><\/p>\n<p><a href=\"https:\/\/actelocale.gov.md\/ral\/act\/cu-privire-la-modificarea-planului-bugetului-local-pentru-anul-2025-1989283.html\">Decizie 4\/1\u00a0\u00a0<\/a> \u201dCu privire la modificarea planului bugetului local pentru anul 2025\u201d<\/p>\n<\/div>\n<p><a href=\"https:\/\/actelocale.gov.md\/ral\/act\/cu-privire-la-acceptarea-bunurilor-materiale-%C3%AEn-comodat-1989310.html\">Decizie 4\/2 <\/a>\u00a0\u201dCu privire la acceptarea bunurilor materiale \u00een comodat\u201d<\/p>\n<p><a href=\"https:\/\/actelocale.gov.md\/ral\/act\/cu-privire-la-audierea-raportului-semianual-privind-executarea-bugetului-prim%C4%83riei-sco%C5%9Ferni%C5%A3a-1989449.html\">Decizie 4\/3\u00a0 <\/a>\u00a0\u201dCu privire la audierea raportului semianual privind executarea bugetului prim\u0103riei s.Co\u015ferni\u0163a\u201d<\/p>\n<p><a href=\"https:\/\/actelocale.gov.md\/ral\/act\/cu-privire-la-expunerea-la-licita%C8%9Bie-cu-strigare-pentru-darea-%C3%AEn-arend%C4%83-a-bunului-imobil-cu-num%C4%83r-cadastral-4522111423-1989469.html\">Decizie 4\/4<\/a>\u00a0 \u201dCu privire la expunerea la licita\u021bie cu strigare pentru darea \u00een arend\u0103 a bunului imobil cu num\u0103r cadastral 4522111.423\u201d<\/p>\n<p><a href=\"https:\/\/actelocale.gov.md\/ral\/act\/cu-privire-la-aprobarea-structurii-organigramei-%C8%99i-efectivului-limit%C4%83-ale-centrului-comunitar-flutura%C5%9Fii-din-sco%C5%9Ferni%C5%A3a-r-nul-flore%C8%99ti-1989501.html\">Decizie 4\/5\u00a0<\/a> \u201dCu privire la aprobarea structurii, organigramei \u0219i efectivului-limit\u0103 ale Centrului Comunitar ,,Flutura\u015fii\u201d din s.Co\u015ferni\u0163a r-nul Flore\u0219ti\u201d<\/p>\n<p><a href=\"https:\/\/actelocale.gov.md\/ral\/act\/cu-privire-la-delegarea-gestiunii-serviciului-public-de-alimentare-cu-ap%C4%83-%C3%AEn-satul-co%C5%9Ferni%C5%A3a-r-nul-flore%C5%9Fti-1989637.html\">Decizie 4\/6<\/a> \u201dCu privire la delegarea gestiunii serviciului public de alimentare cu ap\u0103 \u00een satul Co\u015ferni\u0163a r-nul Flore\u015fti\u201d<\/p>\n","protected":false},"excerpt":{"rendered":"<p>Deciziile Consiliului Local adoptate \u00een \u0219edin\u021ba din data de 04.08.2025 Decizie 4\/1\u00a0\u00a0 \u201dCu privire la modificarea planului bugetului local pentru anul 2025\u201d<span class=\"more-link theme-more-link\"><a href=\"https:\/\/primariacosernita.com\/index.php\/deciziile-consiliului-local\/\">Cite\u0219te mai mult<\/a><\/span><\/p>\n","protected":false},"author":1,"featured_media":0,"parent":0,"menu_order":0,"comment_status":"closed","ping_status":"closed","template":"","meta":{"footnotes":""},"class_list":["entry","author-adminco","post-166","page","type-page","status-publish"],"_links":{"self":[{"href":"https:\/\/primariacosernita.com\/index.php\/wp-json\/wp\/v2\/pages\/166","targetHints":{"allow":["GET"]}}],"collection":[{"href":"https:\/\/primariacosernita.com\/index.php\/wp-json\/wp\/v2\/pages"}],"about":[{"href":"https:\/\/primariacosernita.com\/index.php\/wp-json\/wp\/v2\/types\/page"}],"author":[{"embeddable":true,"href":"https:\/\/primariacosernita.com\/index.php\/wp-json\/wp\/v2\/users\/1"}],"replies":[{"embeddable":true,"href":"https:\/\/primariacosernita.com\/index.php\/wp-json\/wp\/v2\/comments?post=166"}],"version-history":[{"count":1,"href":"https:\/\/primariacosernita.com\/index.php\/wp-json\/wp\/v2\/pages\/166\/revisions"}],"predecessor-version":[{"id":167,"href":"https:\/\/primariacosernita.com\/index.php\/wp-json\/wp\/v2\/pages\/166\/revisions\/167"}],"wp:attachment":[{"href":"https:\/\/primariacosernita.com\/index.php\/wp-json\/wp\/v2\/media?parent=166"}],"curies":[{"name":"wp","href":"https:\/\/api.w.org\/{rel}","templated":true}]}}