{"id":14,"date":"2025-06-10T09:26:08","date_gmt":"2025-06-10T09:26:08","guid":{"rendered":"https:\/\/primariacosernita.com\/?page_id=14"},"modified":"2025-08-13T11:24:05","modified_gmt":"2025-08-13T11:24:05","slug":"cnsiliul-local","status":"publish","type":"page","link":"https:\/\/primariacosernita.com\/index.php\/cnsiliul-local\/","title":{"rendered":"Consiliul local"},"content":{"rendered":"\n<p><strong>Consiliul Local Co\u0219erni\u021ba<\/strong> este organul reprezentativ al locuitorilor satului, ales prin vot democratic.<br>Este format din consilieri locali ale\u0219i pentru un mandat de 4 ani, care, \u00eempreun\u0103 cu primarul, contribuie la dezvoltarea localit\u0103\u021bii \u0219i la buna func\u021bionare a administra\u021biei publice.<\/p>\n\n\n\n<hr class=\"wp-block-separator has-alpha-channel-opacity\"\/>\n\n\n\n<h3 class=\"wp-block-heading\">\ud83c\udfaf <strong>Rolul Consiliului Local<\/strong><\/h3>\n\n\n\n<p>Consiliul Local este forul de decizie al comunit\u0103\u021bii, av\u00e2nd responsabilitatea de a stabili direc\u021biile de dezvoltare ale satului \u0219i de a asigura buna administrare a resurselor publice.<br>Printre atribu\u021biile sale se num\u0103r\u0103:<\/p>\n\n\n\n<ul class=\"wp-block-list\">\n<li>Adoptarea \u0219i aprobarea bugetului local<\/li>\n\n\n\n<li>Stabilirea priorit\u0103\u021bilor de investi\u021bii \u0219i dezvoltare<\/li>\n\n\n\n<li>Administrarea patrimoniului public al localit\u0103\u021bii<\/li>\n\n\n\n<li>Sus\u021binerea proiectelor culturale, educa\u021bionale \u0219i sociale<\/li>\n\n\n\n<li>Asigurarea transparen\u021bei \u0219i implicarea cet\u0103\u021benilor \u00een procesul decizional<\/li>\n<\/ul>\n\n\n\n<hr class=\"wp-block-separator has-alpha-channel-opacity\"\/>\n\n\n\n<h3 class=\"wp-block-heading\">\ud83d\udc65 <strong>Componenta Consiliului Local<\/strong><\/h3>\n\n\n<p>Componen\u021ba Consiliului local Co\u0219erni\u021ba (9 consilieri), ales la\u00a0<a title=\"Alegeri locale \u00een Republica Moldova, 2023\" href=\"https:\/\/ro.wikipedia.org\/wiki\/Alegeri_locale_%C3%AEn_Republica_Moldova,_2023\">5 noiembrie 2023<\/a>,\u00a0este urm\u0103toarea:<\/p>\n<table class=\"wikitable\" style=\"height: 120px;\" width=\"629\">\n<tbody>\n<tr>\n<th>\u00a0<\/th>\n<th>Partid<\/th>\n<th>Consilieri<\/th>\n<th colspan=\"4\">Componen\u021b\u0103<\/th>\n<\/tr>\n<tr>\n<td bgcolor=\"#F5FF27\">\u00a0<\/td>\n<td><a title=\"Partidul Ac\u021biune \u0219i Solidaritate\" href=\"https:\/\/ro.wikipedia.org\/wiki\/Partidul_Ac%C8%9Biune_%C8%99i_Solidaritate\">Partidul Ac\u021biune \u0219i Solidaritate<\/a><\/td>\n<td style=\"text-align: center;\"><b>4<\/b><\/td>\n<td bgcolor=\"#F5FF27\">\u00a0<\/td>\n<td bgcolor=\"#F5FF27\">\u00a0<\/td>\n<td bgcolor=\"#F5FF27\">\u00a0<\/td>\n<td bgcolor=\"#F5FF27\">\u00a0<\/td>\n<\/tr>\n<tr>\n<td bgcolor=\"#71004b\">\u00a0<\/td>\n<td><a class=\"new\" title=\"Partidul Dezvolt\u0103rii \u0219i Consolid\u0103rii Moldovei \u2014 pagin\u0103 inexistent\u0103\" href=\"https:\/\/ro.wikipedia.org\/w\/index.php?title=Partidul_Dezvolt%C4%83rii_%C8%99i_Consolid%C4%83rii_Moldovei&amp;action=edit&amp;redlink=1\">Partidul Dezvolt\u0103rii \u0219i Consolid\u0103rii Moldovei<\/a><\/td>\n<td style=\"text-align: center;\"><b>4<\/b><\/td>\n<td bgcolor=\"#71004b\">\u00a0<\/td>\n<td bgcolor=\"#71004b\">\u00a0<\/td>\n<td bgcolor=\"#71004b\">\u00a0<\/td>\n<td bgcolor=\"#71004b\">\u00a0<\/td>\n<\/tr>\n<tr>\n<td bgcolor=\"#FC0015\">\u00a0<\/td>\n<td><a title=\"Partidul Sociali\u0219tilor din Republica Moldova\" href=\"https:\/\/ro.wikipedia.org\/wiki\/Partidul_Sociali%C8%99tilor_din_Republica_Moldova\">Partidul Sociali\u0219tilor din Republica Moldova<\/a><\/td>\n<td style=\"text-align: center;\"><b>1<\/b><\/td>\n<td bgcolor=\"#FC0015\">\u00a0<\/td>\n<td>\u00a0<\/td>\n<td>\u00a0<\/td>\n<td>\u00a0<\/td>\n<\/tr>\n<\/tbody>\n<\/table>\n\n\n<p><strong>Ale\u0219i pe listele partidului PAS<\/strong>:<\/p>\n\n\n\n<ul class=\"wp-block-list\">\n<li>Gu\u021bu Valentina<\/li>\n\n\n\n<li>Ro\u0219ca Aliona<\/li>\n\n\n\n<li>Postoronc\u0103 Andrei<\/li>\n\n\n\n<li>R\u0103pede Maria<\/li>\n<\/ul>\n\n\n\n<p><strong>Ale\u0219i pe listele partidului PDCM<\/strong>:<\/p>\n\n\n\n<ul class=\"wp-block-list\">\n<li>Gheletchi Svetlana<\/li>\n\n\n\n<li>Postoronc\u0103 Leonid<\/li>\n\n\n\n<li>Malai Natalia<\/li>\n\n\n\n<li>Dogotari Ana<\/li>\n<\/ul>\n\n\n\n<p><strong>Ales pe listele partidului PSRM<\/strong>:<\/p>\n\n\n\n<ul class=\"wp-block-list\">\n<li>Le\u0219co Valeriu<\/li>\n<\/ul>\n\n\n\n<hr class=\"wp-block-separator has-alpha-channel-opacity\"\/>\n\n\n\n<h3 class=\"wp-block-heading\">\ud83e\udd1d <strong>Principiile Consiliului<\/strong><\/h3>\n\n\n\n<ul class=\"wp-block-list\">\n<li>Transparen\u021b\u0103 \u0219i responsabilitate<\/li>\n\n\n\n<li>Consultare public\u0103 \u0219i dialog deschis<\/li>\n\n\n\n<li>Respect pentru lege \u0219i pentru interesele cet\u0103\u021benilor<\/li>\n\n\n\n<li>Colaborare pentru binele comun al satului<\/li>\n<\/ul>\n","protected":false},"excerpt":{"rendered":"<p>Consiliul Local Co\u0219erni\u021ba este organul reprezentativ al locuitorilor satului, ales prin vot democratic.Este format din consilieri locali ale\u0219i pentru un mandat de<span class=\"more-link theme-more-link\"><a href=\"https:\/\/primariacosernita.com\/index.php\/cnsiliul-local\/\">Cite\u0219te mai mult<\/a><\/span><\/p>\n","protected":false},"author":1,"featured_media":0,"parent":0,"menu_order":0,"comment_status":"closed","ping_status":"closed","template":"","meta":{"footnotes":""},"class_list":["entry","author-adminco","post-14","page","type-page","status-publish"],"_links":{"self":[{"href":"https:\/\/primariacosernita.com\/index.php\/wp-json\/wp\/v2\/pages\/14","targetHints":{"allow":["GET"]}}],"collection":[{"href":"https:\/\/primariacosernita.com\/index.php\/wp-json\/wp\/v2\/pages"}],"about":[{"href":"https:\/\/primariacosernita.com\/index.php\/wp-json\/wp\/v2\/types\/page"}],"author":[{"embeddable":true,"href":"https:\/\/primariacosernita.com\/index.php\/wp-json\/wp\/v2\/users\/1"}],"replies":[{"embeddable":true,"href":"https:\/\/primariacosernita.com\/index.php\/wp-json\/wp\/v2\/comments?post=14"}],"version-history":[{"count":7,"href":"https:\/\/primariacosernita.com\/index.php\/wp-json\/wp\/v2\/pages\/14\/revisions"}],"predecessor-version":[{"id":155,"href":"https:\/\/primariacosernita.com\/index.php\/wp-json\/wp\/v2\/pages\/14\/revisions\/155"}],"wp:attachment":[{"href":"https:\/\/primariacosernita.com\/index.php\/wp-json\/wp\/v2\/media?parent=14"}],"curies":[{"name":"wp","href":"https:\/\/api.w.org\/{rel}","templated":true}]}}