{"id":102,"date":"2025-06-27T13:25:05","date_gmt":"2025-06-27T13:25:05","guid":{"rendered":"https:\/\/primariacosernita.com\/?page_id=102"},"modified":"2025-06-27T13:25:19","modified_gmt":"2025-06-27T13:25:19","slug":"personalitati","status":"publish","type":"page","link":"https:\/\/primariacosernita.com\/index.php\/personalitati\/","title":{"rendered":"Personalit\u0103ti"},"content":{"rendered":"<p data-start=\"253\" data-end=\"555\">Satul Co\u0219erni\u021ba, cu r\u0103d\u0103cini ad\u00e2nci \u0219i tradi\u021bii bogate, a fost \u0219i r\u0103m\u00e2ne un izvor nesecat de oameni de valoare, care prin munc\u0103, talent \u0219i devotament au dus faima localit\u0103\u021bii departe, dincolo de hotarele Republicii Moldova. Printre personalit\u0103\u021bile marcante n\u0103scute \u0219i formate \u00een satul nostru se num\u0103r\u0103:<\/p>\n<ul data-start=\"557\" data-end=\"3329\">\n<li data-start=\"557\" data-end=\"891\">\n<p data-start=\"559\" data-end=\"891\"><strong data-start=\"559\" data-end=\"579\">Grigore Dogotaru<\/strong> (n. 1946 \u2013 d. 1996) \u2013 savant, doctor \u00een \u0219tiin\u021be fizico-matematice, laureat al premiului Comsomolului \u00een domeniul \u0219tiin\u021bei \u0219i tehnicii (1978), de\u021bin\u0103tor al premiului Institutului Central de Cercet\u0103ri Nucleare din RD Germania, autor a peste 35 de lucr\u0103ri \u0219tiin\u021bifice. \u0218coala din sat \u00eei poart\u0103 cu demnitate numele.<\/p>\n<\/li>\n<li data-start=\"893\" data-end=\"1112\">\n<p data-start=\"895\" data-end=\"1112\"><strong data-start=\"895\" data-end=\"914\">Alexandru Le\u0219co<\/strong> (n. 1955) \u2013 martir al neamului, lupt\u0103tor pentru independen\u021ba \u0219i suveranitatea Republicii Moldova, fost de\u021binut politic timp de 9 ani \u00een \u00eenchisorile transnistrene, senator al Parlamentului Rom\u00e2niei.<\/p>\n<\/li>\n<li data-start=\"1114\" data-end=\"1425\">\n<p data-start=\"1116\" data-end=\"1425\"><strong data-start=\"1116\" data-end=\"1134\">Pavel Dub\u0103lari<\/strong> (n. 1941) \u2013 fost deputat \u00een Sovietul Suprem al RSSM \u0219i \u00een Parlamentul Republicii Moldova, ctitor al Universit\u0103\u021bii Cooperatist-Comerciale din Moldova, autor de lucr\u0103ri \u0219tiin\u021bifice \u00een domeniul cooper\u0103rii de consum, decorat cu ordinele \u201eGloria Muncii\u201d, \u201eInsigna de Onoare\u201d \u0219i multiple medalii.<\/p>\n<\/li>\n<li data-start=\"1427\" data-end=\"1504\">\n<p data-start=\"1429\" data-end=\"1504\"><strong data-start=\"1429\" data-end=\"1447\">Anatol Chiriac<\/strong> (n. 1953) \u2013 compozitor cunoscut, Maestru Emerit \u00een Art\u0103.<\/p>\n<\/li>\n<li data-start=\"1506\" data-end=\"1642\">\n<p data-start=\"1508\" data-end=\"1642\"><strong data-start=\"1508\" data-end=\"1529\">N\u0103t\u0103li\u021ba Munteanu<\/strong> (n. 1969) \u2013 solist\u0103 \u00een ansamblul \u201eFluiera\u0219\u201d, lector la Academia de Muzic\u0103, Teatru \u0219i Arte Plastice din Chi\u0219in\u0103u.<\/p>\n<\/li>\n<li data-start=\"1644\" data-end=\"1791\">\n<p data-start=\"1646\" data-end=\"1791\"><strong data-start=\"1646\" data-end=\"1666\">Nicolae Cojocaru<\/strong> (n. 1935) \u2013 doctor \u00een filosofie, conferen\u021biar, cercet\u0103tor \u0219tiin\u021bific la Institutul de Filozofie, Sociologie \u0219i Drept al A\u0218M.<\/p>\n<\/li>\n<li data-start=\"1793\" data-end=\"1868\">\n<p data-start=\"1795\" data-end=\"1868\"><strong data-start=\"1795\" data-end=\"1813\">Nicon Gile\u021bchi<\/strong> (n. 1925) \u2013 pedagog, eminent al \u00eenv\u0103\u021b\u0103m\u00e2ntului public.<\/p>\n<\/li>\n<li data-start=\"1870\" data-end=\"2066\">\n<p data-start=\"1872\" data-end=\"2066\"><strong data-start=\"1872\" data-end=\"1890\">Tudor Ia\u0219cenco<\/strong> (n. 1948) \u2013 director al publica\u021biei \u201eCuv\u00e2ntul\u201d \u0219i al SA \u201eTipografia Rezina\u201d, primul pre\u0219edinte al Asocia\u021biei Presei Independente, autor \u0219i coautor a 10 volume de publicistic\u0103.<\/p>\n<\/li>\n<li data-start=\"2068\" data-end=\"2163\">\n<p data-start=\"2070\" data-end=\"2163\"><strong data-start=\"2070\" data-end=\"2085\">Simion Rusu<\/strong> (n. 1950) \u2013 colonel SIS, fost viceministru al securit\u0103\u021bii Republicii Moldova.<\/p>\n<\/li>\n<li data-start=\"2165\" data-end=\"2291\">\n<p data-start=\"2167\" data-end=\"2291\"><strong data-start=\"2167\" data-end=\"2180\">Petru Ou\u0219<\/strong> (n. 1934) \u2013 doctor \u00een \u0219tiin\u021be fizico-matematice, conferen\u021biar la UTM, autor a peste 40 de lucr\u0103ri \u0219tiin\u021bifice.<\/p>\n<\/li>\n<li data-start=\"2293\" data-end=\"2491\">\n<p data-start=\"2295\" data-end=\"2491\"><strong data-start=\"2295\" data-end=\"2311\">Alexei Darie<\/strong> (n. 1952) \u2013 doctor \u00een \u0219tiin\u021be medicale, conferen\u021biar la USMF \u201eNicolae Testemi\u021banu\u201d, posesor al unui brevet de inven\u021bie, 4 inova\u021bii \u0219i peste 60 de lucr\u0103ri \u0219tiin\u021bifice \u0219i didactice.<\/p>\n<\/li>\n<li data-start=\"2493\" data-end=\"2617\">\n<p data-start=\"2495\" data-end=\"2617\"><strong data-start=\"2495\" data-end=\"2514\">Ion Cibot\u0103rescu<\/strong> (n. 1936) \u2013 doctor habilitat, savant \u0219i patriot, autor a peste 60 de lucr\u0103ri \u0219tiin\u021bifice \u0219i 4 manuale.<\/p>\n<\/li>\n<li data-start=\"2619\" data-end=\"2679\">\n<p data-start=\"2621\" data-end=\"2679\"><strong data-start=\"2621\" data-end=\"2634\">Nicon Ou\u0219<\/strong> \u2013 doctor habilitat \u00een economie \u0219i filosofie.<\/p>\n<\/li>\n<li data-start=\"2681\" data-end=\"2812\">\n<p data-start=\"2683\" data-end=\"2812\"><strong data-start=\"2683\" data-end=\"2703\">Valeriu Goncaruc<\/strong> \u2013 doctor \u00een \u0219tiin\u021be tehnice, conferen\u021biar la UTM, cu 40 de publica\u021bii \u0219tiin\u021bifice \u0219i 13 brevete de inven\u021bii.<\/p>\n<\/li>\n<li data-start=\"2814\" data-end=\"2933\">\n<p data-start=\"2816\" data-end=\"2933\"><strong data-start=\"2816\" data-end=\"2836\">Simion Levi\u021bchii<\/strong> \u2013 doctor \u00een chimie, director \u00een cadrul Agen\u021biei de Stat pentru Proprietate Intelectual\u0103 (AGEPI).<\/p>\n<\/li>\n<li data-start=\"2935\" data-end=\"3033\">\n<p data-start=\"2937\" data-end=\"3033\"><strong data-start=\"2937\" data-end=\"2957\">Liliana Dogotaru<\/strong> \u2013 doctor habilitat \u00een farmacie, conferen\u021biar la USMF \u201eNicolae Testemi\u021banu\u201d.<\/p>\n<\/li>\n<li data-start=\"3035\" data-end=\"3105\">\n<p data-start=\"3037\" data-end=\"3105\"><strong data-start=\"3037\" data-end=\"3056\">Leonid Dogotaru<\/strong> \u2013 doctor habilitat \u00een \u0219tiin\u021be fizico-matematice.<\/p>\n<\/li>\n<li data-start=\"3107\" data-end=\"3234\">\n<p data-start=\"3109\" data-end=\"3234\"><strong data-start=\"3109\" data-end=\"3126\">Grigore Ganea<\/strong> \u2013 profesor universitar, prodecan la Institutul Politehnic din Chi\u0219in\u0103u, fost lector universitar \u00een Algeria.<\/p>\n<\/li>\n<li data-start=\"3236\" data-end=\"3329\">\n<p data-start=\"3238\" data-end=\"3329\"><strong data-start=\"3238\" data-end=\"3257\">Scutaru Vitalie<\/strong> \u0219i <strong data-start=\"3261\" data-end=\"3280\">Ostre\u021b Grigorii<\/strong> \u2013 primii aviatori originari din satul Co\u0219erni\u021ba.<\/p>\n<\/li>\n<\/ul>\n<p data-start=\"3331\" data-end=\"3607\">Ace\u0219ti oameni reprezint\u0103 m\u00e2ndria satului nostru. Prin realiz\u0103rile lor \u00een diverse domenii \u2013 \u0219tiin\u021b\u0103, art\u0103, educa\u021bie, securitate na\u021bional\u0103, pres\u0103 \u0219i medicin\u0103 \u2013 au demonstrat c\u0103 r\u0103d\u0103cinile puse \u00een p\u0103m\u00e2ntul Co\u0219erni\u021bei pot rodi cu vrednicie \u00een cele mai \u00eenalte sfere ale societ\u0103\u021bii.<\/p>\n","protected":false},"excerpt":{"rendered":"<p>Satul Co\u0219erni\u021ba, cu r\u0103d\u0103cini ad\u00e2nci \u0219i tradi\u021bii bogate, a fost \u0219i r\u0103m\u00e2ne un izvor nesecat de oameni de valoare, care prin munc\u0103,<span class=\"more-link theme-more-link\"><a href=\"https:\/\/primariacosernita.com\/index.php\/personalitati\/\">Cite\u0219te mai mult<\/a><\/span><\/p>\n","protected":false},"author":1,"featured_media":0,"parent":0,"menu_order":0,"comment_status":"closed","ping_status":"closed","template":"","meta":{"footnotes":""},"class_list":["entry","author-adminco","post-102","page","type-page","status-publish"],"_links":{"self":[{"href":"https:\/\/primariacosernita.com\/index.php\/wp-json\/wp\/v2\/pages\/102","targetHints":{"allow":["GET"]}}],"collection":[{"href":"https:\/\/primariacosernita.com\/index.php\/wp-json\/wp\/v2\/pages"}],"about":[{"href":"https:\/\/primariacosernita.com\/index.php\/wp-json\/wp\/v2\/types\/page"}],"author":[{"embeddable":true,"href":"https:\/\/primariacosernita.com\/index.php\/wp-json\/wp\/v2\/users\/1"}],"replies":[{"embeddable":true,"href":"https:\/\/primariacosernita.com\/index.php\/wp-json\/wp\/v2\/comments?post=102"}],"version-history":[{"count":2,"href":"https:\/\/primariacosernita.com\/index.php\/wp-json\/wp\/v2\/pages\/102\/revisions"}],"predecessor-version":[{"id":104,"href":"https:\/\/primariacosernita.com\/index.php\/wp-json\/wp\/v2\/pages\/102\/revisions\/104"}],"wp:attachment":[{"href":"https:\/\/primariacosernita.com\/index.php\/wp-json\/wp\/v2\/media?parent=102"}],"curies":[{"name":"wp","href":"https:\/\/api.w.org\/{rel}","templated":true}]}}